{"id":103,"date":"2018-02-27T12:32:34","date_gmt":"2018-02-27T12:32:34","guid":{"rendered":"http:\/\/esparzamonforte.org\/wordpress\/donate\/"},"modified":"2020-10-23T17:21:14","modified_gmt":"2020-10-23T17:21:14","slug":"informate","status":"publish","type":"page","link":"http:\/\/esparzamonforte.org\/wordpress\/informate\/","title":{"rendered":"Donate"},"content":{"rendered":"\t\t<div data-elementor-type=\"wp-post\" data-elementor-id=\"103\" class=\"elementor elementor-103\" data-elementor-settings=\"[]\">\n\t\t\t<div class=\"elementor-inner\">\n\t\t\t\t<div class=\"elementor-section-wrap\">\n\t\t\t\t\t\t\t<section class=\"elementor-element elementor-element-41724257 elementor-section-boxed elementor-section-height-default elementor-section-height-default elementor-section elementor-top-section\" data-id=\"41724257\" data-element_type=\"section\" data-settings=\"{&quot;background_background&quot;:&quot;classic&quot;}\">\n\t\t\t\t\t\t<div class=\"elementor-container elementor-column-gap-wide\">\n\t\t\t\t<div class=\"elementor-row\">\n\t\t\t\t<div class=\"elementor-element elementor-element-72243ff9 elementor-column elementor-col-100 elementor-top-column\" data-id=\"72243ff9\" data-element_type=\"column\">\n\t\t\t<div class=\"elementor-column-wrap  elementor-element-populated\">\n\t\t\t\t\t<div class=\"elementor-widget-wrap\">\n\t\t\t\t<div class=\"elementor-element elementor-element-3c1c13a elementor-invisible elementor-widget elementor-widget-heading\" data-id=\"3c1c13a\" data-element_type=\"widget\" data-settings=\"{&quot;_animation&quot;:&quot;none&quot;}\" data-widget_type=\"heading.default\">\n\t\t\t\t<div class=\"elementor-widget-container\">\n\t\t\t<h2 class=\"elementor-heading-title elementor-size-small\"><br><br><br><br><br><br><br><br><br><br><br><br><br><br><br><br><br><br><br><br><br><br><br><br><br><br><br><br><br><br>.<\/h2>\t\t<\/div>\n\t\t\t\t<\/div>\n\t\t\t\t\t\t<\/div>\n\t\t\t<\/div>\n\t\t<\/div>\n\t\t\t\t\t\t<\/div>\n\t\t\t<\/div>\n\t\t<\/section>\n\t\t\t\t<section class=\"elementor-element elementor-element-e07ad25 elementor-section-boxed elementor-section-height-default elementor-section-height-default elementor-section elementor-top-section\" data-id=\"e07ad25\" data-element_type=\"section\">\n\t\t\t\t\t\t<div class=\"elementor-container elementor-column-gap-default\">\n\t\t\t\t<div class=\"elementor-row\">\n\t\t\t\t<div class=\"elementor-element elementor-element-58faec5 elementor-column elementor-col-50 elementor-top-column\" data-id=\"58faec5\" data-element_type=\"column\">\n\t\t\t<div class=\"elementor-column-wrap  elementor-element-populated\">\n\t\t\t\t\t<div class=\"elementor-widget-wrap\">\n\t\t\t\t<div class=\"elementor-element elementor-element-0c2c4e3 elementor-widget elementor-widget-e_image_hover_effects\" data-id=\"0c2c4e3\" data-element_type=\"widget\" data-widget_type=\"e_image_hover_effects.default\">\n\t\t\t\t<div class=\"elementor-widget-container\">\n\t\t\t\t\t\t<div class=\"eihe-box eihe-fade-in-up eihe_center\">\r\n\t\t\t\t<img loading=\"lazy\" decoding=\"async\" width=\"2048\" height=\"1356\" src=\"http:\/\/esparzamonforte.org\/wordpress\/wp-content\/uploads\/2020\/09\/prensa.jpg\" class=\"attachment-full size-full\" alt=\"\" srcset=\"http:\/\/esparzamonforte.org\/wordpress\/wp-content\/uploads\/2020\/09\/prensa.jpg 2048w, http:\/\/esparzamonforte.org\/wordpress\/wp-content\/uploads\/2020\/09\/prensa-300x199.jpg 300w, http:\/\/esparzamonforte.org\/wordpress\/wp-content\/uploads\/2020\/09\/prensa-1024x678.jpg 1024w, http:\/\/esparzamonforte.org\/wordpress\/wp-content\/uploads\/2020\/09\/prensa-768x509.jpg 768w, http:\/\/esparzamonforte.org\/wordpress\/wp-content\/uploads\/2020\/09\/prensa-1536x1017.jpg 1536w\" sizes=\"auto, (max-width: 2048px) 100vw, 2048px\" \/>\t\t\t\t<div class=\"eihe-caption\">\r\n\t\t\t\t\t<div class=\"eihe-title-cover\">\r\n\t\t\t\t\t\t\t\t\t\t\t\t<h3 class=\"eihe-title\">PRENSA<\/h3>\r\n\t\t\t\t\t\t\t\t\t\t\t<\/div>\r\n\t\t\t\t\t<p>Description<\/p>\r\n\t\t\t\t<\/div>\r\n\t\t\t<\/div>\r\n\t\t\t\t<\/div>\n\t\t\t\t<\/div>\n\t\t\t\t\t\t<\/div>\n\t\t\t<\/div>\n\t\t<\/div>\n\t\t\t\t<div class=\"elementor-element elementor-element-1606efd elementor-column elementor-col-50 elementor-top-column\" data-id=\"1606efd\" data-element_type=\"column\">\n\t\t\t<div class=\"elementor-column-wrap  elementor-element-populated\">\n\t\t\t\t\t<div class=\"elementor-widget-wrap\">\n\t\t\t\t<div class=\"elementor-element elementor-element-76f65f3 elementor-widget elementor-widget-text-editor\" data-id=\"76f65f3\" data-element_type=\"widget\" data-widget_type=\"text-editor.default\">\n\t\t\t\t<div class=\"elementor-widget-container\">\n\t\t\t\t\t<div class=\"elementor-text-editor elementor-clearfix\"><\/div>\n\t\t\t\t<\/div>\n\t\t\t\t<\/div>\n\t\t\t\t\t\t<\/div>\n\t\t\t<\/div>\n\t\t<\/div>\n\t\t\t\t\t\t<\/div>\n\t\t\t<\/div>\n\t\t<\/section>\n\t\t\t\t<section class=\"elementor-element elementor-element-251bf5d elementor-section-boxed elementor-section-height-default elementor-section-height-default elementor-section elementor-top-section\" data-id=\"251bf5d\" data-element_type=\"section\">\n\t\t\t\t\t\t<div class=\"elementor-container elementor-column-gap-default\">\n\t\t\t\t<div class=\"elementor-row\">\n\t\t\t\t<div class=\"elementor-element elementor-element-a01d91f elementor-column elementor-col-50 elementor-top-column\" data-id=\"a01d91f\" data-element_type=\"column\">\n\t\t\t<div class=\"elementor-column-wrap  elementor-element-populated\">\n\t\t\t\t\t<div class=\"elementor-widget-wrap\">\n\t\t\t\t<div class=\"elementor-element elementor-element-588c539 elementor-widget elementor-widget-e_image_hover_effects\" data-id=\"588c539\" data-element_type=\"widget\" data-widget_type=\"e_image_hover_effects.default\">\n\t\t\t\t<div class=\"elementor-widget-container\">\n\t\t\t\t\t\t<div class=\"eihe-box eihe-fade-in-up eihe_center\">\r\n\t\t\t\t<img loading=\"lazy\" decoding=\"async\" width=\"2048\" height=\"1356\" src=\"http:\/\/esparzamonforte.org\/wordpress\/wp-content\/uploads\/2020\/09\/actualidad.jpg\" class=\"attachment-full size-full\" alt=\"\" srcset=\"http:\/\/esparzamonforte.org\/wordpress\/wp-content\/uploads\/2020\/09\/actualidad.jpg 2048w, http:\/\/esparzamonforte.org\/wordpress\/wp-content\/uploads\/2020\/09\/actualidad-300x199.jpg 300w, http:\/\/esparzamonforte.org\/wordpress\/wp-content\/uploads\/2020\/09\/actualidad-1024x678.jpg 1024w, http:\/\/esparzamonforte.org\/wordpress\/wp-content\/uploads\/2020\/09\/actualidad-768x509.jpg 768w, http:\/\/esparzamonforte.org\/wordpress\/wp-content\/uploads\/2020\/09\/actualidad-1536x1017.jpg 1536w\" sizes=\"auto, (max-width: 2048px) 100vw, 2048px\" \/>\t\t\t\t<div class=\"eihe-caption\">\r\n\t\t\t\t\t<div class=\"eihe-title-cover\">\r\n\t\t\t\t\t\t\t\t\t\t\t\t<h3 class=\"eihe-title\">ACTUALIDAD<\/h3>\r\n\t\t\t\t\t\t\t\t\t\t\t<\/div>\r\n\t\t\t\t\t<p>Description<\/p>\r\n\t\t\t\t<\/div>\r\n\t\t\t<\/div>\r\n\t\t\t\t<\/div>\n\t\t\t\t<\/div>\n\t\t\t\t\t\t<\/div>\n\t\t\t<\/div>\n\t\t<\/div>\n\t\t\t\t<div class=\"elementor-element elementor-element-48cee38 elementor-column elementor-col-50 elementor-top-column\" data-id=\"48cee38\" data-element_type=\"column\">\n\t\t\t<div class=\"elementor-column-wrap  elementor-element-populated\">\n\t\t\t\t\t<div class=\"elementor-widget-wrap\">\n\t\t\t\t<div class=\"elementor-element elementor-element-0e18a1f elementor-widget elementor-widget-text-editor\" data-id=\"0e18a1f\" data-element_type=\"widget\" data-widget_type=\"text-editor.default\">\n\t\t\t\t<div class=\"elementor-widget-container\">\n\t\t\t\t\t<div class=\"elementor-text-editor elementor-clearfix\"><p><span style=\"caret-color: rgb(34, 34, 34); color: rgb(34, 34, 34); font-family: Verdana, Geneva, sans-serif; font-size: 13.333333015441895px; font-style: normal;\">Nuestra Fundaci\u00f3n, a pesar de no poder abrir por el momento sus puertas, no cierra el coraz\u00f3n y mantiene el alma dispuesta a seguir en su prop\u00f3sito. D\u00eda a d\u00eda preparamos un alimento con mucho amor para nuestros beneficiarios, nos esforzamos en seguir brind\u00e1ndoles nuestras bondades, nuestro apoyo y sobre todo nuestro cari\u00f1o y cercan\u00eda. Preparamos alrededor de 60 almuerzos para esas personitas que de verdad lo necesitan, vamos hasta el lugar m\u00e1s lejano en Manzanares a entregarles el PAN Y AMOR EN SU HOGAR.<\/span><\/p><\/div>\n\t\t\t\t<\/div>\n\t\t\t\t<\/div>\n\t\t\t\t\t\t<\/div>\n\t\t\t<\/div>\n\t\t<\/div>\n\t\t\t\t\t\t<\/div>\n\t\t\t<\/div>\n\t\t<\/section>\n\t\t\t\t<section class=\"elementor-element elementor-element-c788cd9 elementor-section-boxed elementor-section-height-default elementor-section-height-default elementor-section elementor-top-section\" data-id=\"c788cd9\" data-element_type=\"section\">\n\t\t\t\t\t\t<div class=\"elementor-container elementor-column-gap-default\">\n\t\t\t\t<div class=\"elementor-row\">\n\t\t\t\t<div class=\"elementor-element elementor-element-171b4e5 elementor-column elementor-col-50 elementor-top-column\" data-id=\"171b4e5\" data-element_type=\"column\">\n\t\t\t<div class=\"elementor-column-wrap  elementor-element-populated\">\n\t\t\t\t\t<div class=\"elementor-widget-wrap\">\n\t\t\t\t<div class=\"elementor-element elementor-element-9622883 elementor-widget elementor-widget-e_image_hover_effects\" data-id=\"9622883\" data-element_type=\"widget\" data-widget_type=\"e_image_hover_effects.default\">\n\t\t\t\t<div class=\"elementor-widget-container\">\n\t\t\t\t\t\t<div class=\"eihe-box eihe-fade-in-up eihe_center\">\r\n\t\t\t\t<img loading=\"lazy\" decoding=\"async\" width=\"2048\" height=\"1356\" src=\"http:\/\/esparzamonforte.org\/wordpress\/wp-content\/uploads\/2020\/09\/eventos.jpg\" class=\"attachment-full size-full\" alt=\"\" srcset=\"http:\/\/esparzamonforte.org\/wordpress\/wp-content\/uploads\/2020\/09\/eventos.jpg 2048w, http:\/\/esparzamonforte.org\/wordpress\/wp-content\/uploads\/2020\/09\/eventos-300x199.jpg 300w, http:\/\/esparzamonforte.org\/wordpress\/wp-content\/uploads\/2020\/09\/eventos-1024x678.jpg 1024w, http:\/\/esparzamonforte.org\/wordpress\/wp-content\/uploads\/2020\/09\/eventos-768x509.jpg 768w, http:\/\/esparzamonforte.org\/wordpress\/wp-content\/uploads\/2020\/09\/eventos-1536x1017.jpg 1536w\" sizes=\"auto, (max-width: 2048px) 100vw, 2048px\" \/>\t\t\t\t<div class=\"eihe-caption\">\r\n\t\t\t\t\t<div class=\"eihe-title-cover\">\r\n\t\t\t\t\t\t\t\t\t\t\t\t<h3 class=\"eihe-title\">EVENTOS<\/h3>\r\n\t\t\t\t\t\t\t\t\t\t\t<\/div>\r\n\t\t\t\t\t<p>Description<\/p>\r\n\t\t\t\t<\/div>\r\n\t\t\t<\/div>\r\n\t\t\t\t<\/div>\n\t\t\t\t<\/div>\n\t\t\t\t\t\t<\/div>\n\t\t\t<\/div>\n\t\t<\/div>\n\t\t\t\t<div class=\"elementor-element elementor-element-a2e7261 elementor-column elementor-col-50 elementor-top-column\" data-id=\"a2e7261\" data-element_type=\"column\">\n\t\t\t<div class=\"elementor-column-wrap  elementor-element-populated\">\n\t\t\t\t\t<div class=\"elementor-widget-wrap\">\n\t\t\t\t<div class=\"elementor-element elementor-element-c770ee2 elementor-widget elementor-widget-text-editor\" data-id=\"c770ee2\" data-element_type=\"widget\" data-widget_type=\"text-editor.default\">\n\t\t\t\t<div class=\"elementor-widget-container\">\n\t\t\t\t\t<div class=\"elementor-text-editor elementor-clearfix\"><p><span style=\"font-size: 13.333332061767578px; font-weight: bold; caret-color: #222222; color: #222222; font-family: Verdana, Geneva, sans-serif;\">BANQUETE SOLIDARIO<\/span><\/p><p style=\"font-size: 13.333333015441895px; font-style: normal; caret-color: #222222; color: #222222; font-family: Verdana, Geneva, sans-serif;\">Cada a\u00f1o realizamos nuestro Banquete Solidario, con el fin de presentar nuestros logros ante la comunidad en general, y a su vez recaudar fondos para nuevos proyectos.<\/p><\/div>\n\t\t\t\t<\/div>\n\t\t\t\t<\/div>\n\t\t\t\t\t\t<\/div>\n\t\t\t<\/div>\n\t\t<\/div>\n\t\t\t\t\t\t<\/div>\n\t\t\t<\/div>\n\t\t<\/section>\n\t\t\t\t<section class=\"elementor-element elementor-element-93e91a3 elementor-section-boxed elementor-section-height-default elementor-section-height-default elementor-section elementor-top-section\" data-id=\"93e91a3\" data-element_type=\"section\">\n\t\t\t\t\t\t<div class=\"elementor-container elementor-column-gap-default\">\n\t\t\t\t<div class=\"elementor-row\">\n\t\t\t\t<div class=\"elementor-element elementor-element-6ff16b4 elementor-column elementor-col-50 elementor-top-column\" data-id=\"6ff16b4\" data-element_type=\"column\">\n\t\t\t<div class=\"elementor-column-wrap  elementor-element-populated\">\n\t\t\t\t\t<div class=\"elementor-widget-wrap\">\n\t\t\t\t<div class=\"elementor-element elementor-element-c1c31d8 elementor-widget elementor-widget-e_image_hover_effects\" data-id=\"c1c31d8\" data-element_type=\"widget\" data-widget_type=\"e_image_hover_effects.default\">\n\t\t\t\t<div class=\"elementor-widget-container\">\n\t\t\t\t\t\t<div class=\"eihe-box eihe-fade-in-up eihe_center\">\r\n\t\t\t\t<img loading=\"lazy\" decoding=\"async\" width=\"960\" height=\"540\" src=\"http:\/\/esparzamonforte.org\/wordpress\/wp-content\/uploads\/2020\/10\/2-1.jpg\" class=\"attachment-full size-full\" alt=\"\" srcset=\"http:\/\/esparzamonforte.org\/wordpress\/wp-content\/uploads\/2020\/10\/2-1.jpg 960w, http:\/\/esparzamonforte.org\/wordpress\/wp-content\/uploads\/2020\/10\/2-1-300x169.jpg 300w, http:\/\/esparzamonforte.org\/wordpress\/wp-content\/uploads\/2020\/10\/2-1-768x432.jpg 768w\" sizes=\"auto, (max-width: 960px) 100vw, 960px\" \/>\t\t\t\t<div class=\"eihe-caption\">\r\n\t\t\t\t\t<div class=\"eihe-title-cover\">\r\n\t\t\t\t\t\t\t\t\t\t\t\t<h3 class=\"eihe-title\">OPINI\u00d3N<\/h3>\r\n\t\t\t\t\t\t\t\t\t\t\t<\/div>\r\n\t\t\t\t\t<p>Description<\/p>\r\n\t\t\t\t<\/div>\r\n\t\t\t<\/div>\r\n\t\t\t\t<\/div>\n\t\t\t\t<\/div>\n\t\t\t\t\t\t<\/div>\n\t\t\t<\/div>\n\t\t<\/div>\n\t\t\t\t<div class=\"elementor-element elementor-element-2c0a58f elementor-column elementor-col-50 elementor-top-column\" data-id=\"2c0a58f\" data-element_type=\"column\">\n\t\t\t<div class=\"elementor-column-wrap  elementor-element-populated\">\n\t\t\t\t\t<div class=\"elementor-widget-wrap\">\n\t\t\t\t<div class=\"elementor-element elementor-element-aa2bbe5 elementor-widget elementor-widget-text-editor\" data-id=\"aa2bbe5\" data-element_type=\"widget\" data-widget_type=\"text-editor.default\">\n\t\t\t\t<div class=\"elementor-widget-container\">\n\t\t\t\t\t<div class=\"elementor-text-editor elementor-clearfix\"><p><span style=\"caret-color: #222222; color: #222222; font-family: Verdana, Geneva, sans-serif; font-size: 13.333333015441895px; font-style: normal;\">Desde este apartado de opini\u00f3n me gustar\u00eda animarles a \u201c<\/span><span style=\"caret-color: #222222; color: #222222; font-family: Verdana, Geneva, sans-serif; font-style: normal; font-size: 13.333332061767578px; font-weight: bold;\">Viajar\u201d<\/span><span style=\"caret-color: #222222; color: #222222; font-family: Verdana, Geneva, sans-serif; font-size: 13.333333015441895px; font-style: normal;\">\u00a0a Manzanares (Caldas-Colombia), animarles a \u201c<\/span><span style=\"caret-color: #222222; color: #222222; font-family: Verdana, Geneva, sans-serif; font-style: normal; font-size: 13.333332061767578px; font-weight: bold;\">Conocer\u201d\u00a0<\/span><span style=\"caret-color: #222222; color: #222222; font-family: Verdana, Geneva, sans-serif; font-size: 13.333333015441895px; font-style: normal;\">sus altas monta\u00f1as, sus profundos valles, sus r\u00edos cristalinos, sus inmensos cafetales, la cordialidad de sus gentes, sus alegres tradiciones y su rico folclor. Pero sobre todo animarles a\u00a0<\/span><span style=\"caret-color: #222222; color: #222222; font-family: Verdana, Geneva, sans-serif; font-style: normal; font-size: 13.333332061767578px; font-weight: bold;\">\u201cAyudar\u201d<\/span><span style=\"caret-color: #222222; color: #222222; font-family: Verdana, Geneva, sans-serif; font-size: 13.333333015441895px; font-style: normal;\">\u00a0a la\u00a0<\/span><span style=\"caret-color: #222222; color: #222222; font-family: Verdana, Geneva, sans-serif; font-style: normal; font-size: 13.333332061767578px; font-weight: bold;\">Fundaci\u00f3n Esparza-Monforte<\/span><span style=\"caret-color: #222222; color: #222222; font-family: Verdana, Geneva, sans-serif; font-size: 13.333333015441895px; font-style: normal;\">\u00a0Colombia en su labor humanitaria, que desde hace cerca de veinte a\u00f1os lleva desarrollando en ese bello municipio colombiano del que ya forma parte, y del que recibe el cari\u00f1o y el reconocimiento de sus vecinos.<\/span><\/p><p style=\"font-size: 13.333333015441895px; font-style: normal; caret-color: #222222; color: #222222; font-family: Verdana, Geneva, sans-serif;\">Yo s\u00e9 positivamente que la experiencia no les defraudar\u00e1. En otras circunstancias, Manzanares ser\u00eda un destino tur\u00edstico de primer orden: clima ideal, paisajes espectaculares, tranquilidad\u2026<\/p><p style=\"font-size: 13.333333015441895px; font-style: normal; caret-color: #222222; color: #222222; font-family: Verdana, Geneva, sans-serif;\">Pero no es mi intenci\u00f3n venderles ocio. El ocio se vende hoy en d\u00eda en cualquier esquina. El ocio se ha convertido en refugio corriente donde huir de nosotros mismos. En ese refugio hay sitio para mucha gente, pero nunca para el pr\u00f3jimo. El pr\u00f3jimo molesta porque es como un espejo donde nos reflejamos y no nos queremos mirar.<\/p><p style=\"font-size: 13.333333015441895px; font-style: normal; caret-color: #222222; color: #222222; font-family: Verdana, Geneva, sans-serif;\">Yo les propongo otro tipo de viaje. Un viaje que nunca olvidar\u00e1n y del que guardar\u00e1n mejores y m\u00e1s valiosos recuerdos que un \u00e1lbum de fotos, una chilaba, un sombrero mejicano o una torre Eifel de escayola. Este viaje que yo les propongo es un regalo para el coraz\u00f3n m\u00e1s que para los ojos. En definitiva, les propongo un viaje en busca del pr\u00f3jimo, en el cual se encontrar\u00e1n ustedes mismos.<\/p><p style=\"font-size: 13.333333015441895px; font-style: normal; caret-color: #222222; color: #222222; font-family: Verdana, Geneva, sans-serif;\">Un viajero an\u00f3nimo.<\/p><\/div>\n\t\t\t\t<\/div>\n\t\t\t\t<\/div>\n\t\t\t\t\t\t<\/div>\n\t\t\t<\/div>\n\t\t<\/div>\n\t\t\t\t\t\t<\/div>\n\t\t\t<\/div>\n\t\t<\/section>\n\t\t\t\t<section class=\"elementor-element elementor-element-433acf2 elementor-section-boxed elementor-section-height-default elementor-section-height-default elementor-section elementor-top-section\" data-id=\"433acf2\" data-element_type=\"section\">\n\t\t\t\t\t\t<div class=\"elementor-container elementor-column-gap-default\">\n\t\t\t\t<div class=\"elementor-row\">\n\t\t\t\t<div class=\"elementor-element elementor-element-cbcd0ff elementor-column elementor-col-100 elementor-top-column\" data-id=\"cbcd0ff\" data-element_type=\"column\">\n\t\t\t<div class=\"elementor-column-wrap  elementor-element-populated\">\n\t\t\t\t\t<div class=\"elementor-widget-wrap\">\n\t\t\t\t<div class=\"elementor-element elementor-element-14fda89 elementor-aspect-ratio-169 elementor-widget elementor-widget-video\" data-id=\"14fda89\" data-element_type=\"widget\" data-settings=\"{&quot;aspect_ratio&quot;:&quot;169&quot;}\" data-widget_type=\"video.default\">\n\t\t\t\t<div class=\"elementor-widget-container\">\n\t\t\t\t\t<div class=\"elementor-wrapper elementor-fit-aspect-ratio elementor-open-inline\">\n\t\t\t<iframe class=\"elementor-video-iframe\" allowfullscreen title=\"Reproductor de v\u00eddeo youtube\" src=\"https:\/\/www.youtube.com\/embed\/1bfZlr8SDqQ?feature=oembed&amp;start&amp;end&amp;wmode=opaque&amp;loop=0&amp;controls=1&amp;mute=0&amp;rel=0&amp;modestbranding=0\"><\/iframe>\t\t<\/div>\n\t\t\t\t<\/div>\n\t\t\t\t<\/div>\n\t\t\t\t\t\t<\/div>\n\t\t\t<\/div>\n\t\t<\/div>\n\t\t\t\t\t\t<\/div>\n\t\t\t<\/div>\n\t\t<\/section>\n\t\t\t\t\t\t<\/div>\n\t\t\t<\/div>\n\t\t<\/div>\n\t\t","protected":false},"excerpt":{"rendered":"<p>. PRENSA Description ACTUALIDAD Description Nuestra Fundaci\u00f3n, a pesar de no poder abrir por el momento sus puertas, no cierra el coraz\u00f3n y mantiene el alma dispuesta a seguir en su prop\u00f3sito. D\u00eda a d\u00eda preparamos un alimento con mucho amor para nuestros beneficiarios, nos esforzamos en seguir brind\u00e1ndoles nuestras bondades, nuestro apoyo y sobre [&hellip;]<\/p>\n","protected":false},"author":1,"featured_media":0,"parent":0,"menu_order":0,"comment_status":"closed","ping_status":"closed","template":"","meta":{"site-sidebar-layout":"no-sidebar","site-content-layout":"page-builder","ast-site-content-layout":"default","site-content-style":"default","site-sidebar-style":"default","ast-global-header-display":"","ast-banner-title-visibility":"","ast-main-header-display":"","ast-hfb-above-header-display":"","ast-hfb-below-header-display":"","ast-hfb-mobile-header-display":"","site-post-title":"disabled","ast-breadcrumbs-content":"","ast-featured-img":"disabled","footer-sml-layout":"","ast-disable-related-posts":"","theme-transparent-header-meta":"","adv-header-id-meta":"","stick-header-meta":"","header-above-stick-meta":"","header-main-stick-meta":"","header-below-stick-meta":"","astra-migrate-meta-layouts":"default","ast-page-background-enabled":"default","ast-page-background-meta":{"desktop":{"background-color":"var(--ast-global-color-4)","background-image":"","background-repeat":"repeat","background-position":"center center","background-size":"auto","background-attachment":"scroll","background-type":"","background-media":"","overlay-type":"","overlay-color":"","overlay-opacity":"","overlay-gradient":""},"tablet":{"background-color":"","background-image":"","background-repeat":"repeat","background-position":"center center","background-size":"auto","background-attachment":"scroll","background-type":"","background-media":"","overlay-type":"","overlay-color":"","overlay-opacity":"","overlay-gradient":""},"mobile":{"background-color":"","background-image":"","background-repeat":"repeat","background-position":"center center","background-size":"auto","background-attachment":"scroll","background-type":"","background-media":"","overlay-type":"","overlay-color":"","overlay-opacity":"","overlay-gradient":""}},"ast-content-background-meta":{"desktop":{"background-color":"var(--ast-global-color-5)","background-image":"","background-repeat":"repeat","background-position":"center center","background-size":"auto","background-attachment":"scroll","background-type":"","background-media":"","overlay-type":"","overlay-color":"","overlay-opacity":"","overlay-gradient":""},"tablet":{"background-color":"var(--ast-global-color-5)","background-image":"","background-repeat":"repeat","background-position":"center center","background-size":"auto","background-attachment":"scroll","background-type":"","background-media":"","overlay-type":"","overlay-color":"","overlay-opacity":"","overlay-gradient":""},"mobile":{"background-color":"var(--ast-global-color-5)","background-image":"","background-repeat":"repeat","background-position":"center center","background-size":"auto","background-attachment":"scroll","background-type":"","background-media":"","overlay-type":"","overlay-color":"","overlay-opacity":"","overlay-gradient":""}},"footnotes":""},"class_list":["post-103","page","type-page","status-publish","hentry"],"_links":{"self":[{"href":"http:\/\/esparzamonforte.org\/wordpress\/wp-json\/wp\/v2\/pages\/103","targetHints":{"allow":["GET"]}}],"collection":[{"href":"http:\/\/esparzamonforte.org\/wordpress\/wp-json\/wp\/v2\/pages"}],"about":[{"href":"http:\/\/esparzamonforte.org\/wordpress\/wp-json\/wp\/v2\/types\/page"}],"author":[{"embeddable":true,"href":"http:\/\/esparzamonforte.org\/wordpress\/wp-json\/wp\/v2\/users\/1"}],"replies":[{"embeddable":true,"href":"http:\/\/esparzamonforte.org\/wordpress\/wp-json\/wp\/v2\/comments?post=103"}],"version-history":[{"count":19,"href":"http:\/\/esparzamonforte.org\/wordpress\/wp-json\/wp\/v2\/pages\/103\/revisions"}],"predecessor-version":[{"id":1927,"href":"http:\/\/esparzamonforte.org\/wordpress\/wp-json\/wp\/v2\/pages\/103\/revisions\/1927"}],"wp:attachment":[{"href":"http:\/\/esparzamonforte.org\/wordpress\/wp-json\/wp\/v2\/media?parent=103"}],"curies":[{"name":"wp","href":"https:\/\/api.w.org\/{rel}","templated":true}]}}